{"id":351,"date":"2024-07-28T11:14:27","date_gmt":"2024-07-28T10:14:27","guid":{"rendered":"https:\/\/mit-ing.eu\/?page_id=351"},"modified":"2024-07-28T11:14:28","modified_gmt":"2024-07-28T10:14:28","slug":"impressum","status":"publish","type":"page","link":"https:\/\/mit-ing.eu\/?page_id=351","title":{"rendered":"Impressum"},"content":{"rendered":"\n\n\n<h1 id=\"ueberschrift\">\u00a0<\/h1>\n<h5 id=\"verantwortlicher\"><span style=\"text-decoration: underline;\">Inhaltlich verantwortlich<\/span><\/h5>\n<div>MiT-ING Ingenieurb\u00fcro Michael Thoma\n<div>Inhaber Dipl.-Ing. (FH) Michael Thoma<\/div>\n<div>Berrefeldweg 5<br \/>52385 Nideggen<\/div>\n<div class=\"formatted_table\">\n<div class=\"ersw100\">Telefon:<\/div>\n<div id=\"verantwortlicher_telefon\">+49 (2427) 5689915<\/div>\n<br clear=\"all\" \/>\n<div class=\"ersw100\">E-Mail:<\/div>\n<div id=\"verantwortlicher_email\">michael.thoma@mit-ing.eu<\/div>\n<div>\u00a0<\/div>\n<\/div>\n<\/div>\n<h5 id=\"steuer\"><span style=\"text-decoration: underline;\">Umsatzsteuer\u00adidentnummer<\/span><\/h5>\n<div>DE348601702<\/div>\n<div>\u00a0<\/div>\n<h5 id=\"freiberufler\"><span style=\"text-decoration: underline;\">Berufliche Angaben<\/span><\/h5>\n<div class=\"formatted_table\">\n<div class=\"ersw300\"><b>Beruf: <\/b><\/div>\n<div>Dipl.-Ing. (FH) Bau<\/div>\n<br clear=\"all\" \/>\n<div class=\"ersw300\"><b>verliehen in: <\/b><\/div>\n<div>Bundesrepublik Deutschland<\/div>\n<br clear=\"all\" \/>\n<div class=\"ersw300\"><b>Zust\u00e4ndige Aufsichtsbeh\u00f6rde: <\/b><\/div>\n<div>Ingenieurkammer-Bau NRW<br \/>Zollhof 2<br \/>40221 D\u00fcsseldorf<\/div>\n<br clear=\"all\" \/>\n<div class=\"ersw300\"><b>berufsrechtliche Regelungen:<\/b><\/div>\n<div><a href=\"https:\/\/ikbaunrw.de\/kammer\/\" target=\"_blank\" rel=\"noopener\">https:\/\/ikbaunrw.de\/kammer\/<\/a><\/div>\n<div>\u00a0<\/div>\n<\/div>\n<h5 id=\"dienstleistung\"><span style=\"text-decoration: underline;\">Berufshaftpflicht\u00adversicherung<\/span><\/h5>\n<p>Markel Pro Architekten &amp; Ingenieure Haftpflicht<br \/>Markel Insurance SE<br \/>Sophienstr. 26<br \/>80333 M\u00fcnchen<br \/><br \/>Geltungsbereich: Deutschland<\/p>\n<h5 id=\"verbraucher\"><span style=\"text-decoration: underline;\">Online Streitbeilegung<\/span><\/h5>\n<p>Online Streitbeilegung gem\u00e4\u00df Art. 14 Abs. 1 ODR-VO: Die Europ\u00e4ische Kommission stellt eine Plattform zur Online-Streitbeilegung (OS) bereit, die Sie unter <a href=\"https:\/\/ec.europa.eu\/consumers\/odr\/\" target=\"_blank\" rel=\"noopener\">https:\/\/ec.europa.eu\/consumers\/odr\/<\/a> finden.<\/p>\n","protected":false},"excerpt":{"rendered":"<p>\u00a0 Inhaltlich verantwortlich MiT-ING Ingenieurb\u00fcro Michael Thoma Inhaber Dipl.-Ing. (FH) Michael Thoma Berrefeldweg 552385 Nideggen Telefon: +49 (2427) 5689915 E-Mail: michael.thoma@mit-ing.eu \u00a0 Umsatzsteuer\u00adidentnummer DE348601702 \u00a0 Berufliche Angaben Beruf: Dipl.-Ing. (FH) [&hellip;]<\/p>\n","protected":false},"author":1,"featured_media":0,"parent":0,"menu_order":0,"comment_status":"closed","ping_status":"closed","template":"","meta":{"footnotes":""},"class_list":["post-351","page","type-page","status-publish","hentry"],"_links":{"self":[{"href":"https:\/\/mit-ing.eu\/index.php?rest_route=\/wp\/v2\/pages\/351","targetHints":{"allow":["GET"]}}],"collection":[{"href":"https:\/\/mit-ing.eu\/index.php?rest_route=\/wp\/v2\/pages"}],"about":[{"href":"https:\/\/mit-ing.eu\/index.php?rest_route=\/wp\/v2\/types\/page"}],"author":[{"embeddable":true,"href":"https:\/\/mit-ing.eu\/index.php?rest_route=\/wp\/v2\/users\/1"}],"replies":[{"embeddable":true,"href":"https:\/\/mit-ing.eu\/index.php?rest_route=%2Fwp%2Fv2%2Fcomments&post=351"}],"version-history":[{"count":7,"href":"https:\/\/mit-ing.eu\/index.php?rest_route=\/wp\/v2\/pages\/351\/revisions"}],"predecessor-version":[{"id":529,"href":"https:\/\/mit-ing.eu\/index.php?rest_route=\/wp\/v2\/pages\/351\/revisions\/529"}],"wp:attachment":[{"href":"https:\/\/mit-ing.eu\/index.php?rest_route=%2Fwp%2Fv2%2Fmedia&parent=351"}],"curies":[{"name":"wp","href":"https:\/\/api.w.org\/{rel}","templated":true}]}}