{"id":275,"date":"2021-12-29T21:41:33","date_gmt":"2021-12-29T20:41:33","guid":{"rendered":"https:\/\/mit-ing.eu\/?page_id=275"},"modified":"2025-04-24T20:51:44","modified_gmt":"2025-04-24T19:51:44","slug":"b","status":"publish","type":"page","link":"https:\/\/mit-ing.eu\/?page_id=275","title":{"rendered":"Baustatik, Tragwerksplanung"},"content":{"rendered":"<style>.kb-row-layout-id275_afcfc1-82 > .kt-row-column-wrap{align-content:center;}:where(.kb-row-layout-id275_afcfc1-82 > .kt-row-column-wrap) > .wp-block-kadence-column{justify-content:center;}.kb-row-layout-id275_afcfc1-82 > .kt-row-column-wrap{column-gap:40px;row-gap:var(--global-kb-gap-md, 2rem);max-width:1161px;margin-left:auto;margin-right:auto;padding-top:60px;padding-bottom:55px;grid-template-columns:minmax(0, calc(73.6% - ((40px * 1 )\/2)))minmax(0, calc(26.4% - ((40px * 1 )\/2)));}.kb-row-layout-id275_afcfc1-82{background-color:rgba(123,220,181,0.33);background-image:url('https:\/\/mit-ing.eu\/wp-content\/uploads\/2021\/11\/image-1.png');background-size:cover;background-position:82% 21%;background-attachment:scroll;background-repeat:no-repeat;}.kb-row-layout-id275_afcfc1-82 > .kt-row-layout-overlay{opacity:0.11;background:linear-gradient(135deg,rgb(6,147,227) 0%,rgb(20,39,109) 100%);}.kb-row-layout-id275_afcfc1-82 .kt-row-layout-bottom-sep{height:120px;}.kb-row-layout-id275_afcfc1-82 .kt-row-layout-bottom-sep svg{width:100%;}.kb-row-layout-id275_afcfc1-82 .kt-row-layout-bottom-sep svg{fill:#ffffff!important;}@media all and (max-width: 1024px){.kb-row-layout-id275_afcfc1-82 > .kt-row-column-wrap{grid-template-columns:minmax(0, 2fr) minmax(0, 1fr);}}@media all and (max-width: 1024px){.kb-row-layout-id275_afcfc1-82 .kt-row-layout-bottom-sep{height:px;}}@media all and (max-width: 1024px){.kb-row-layout-id275_afcfc1-82 .kt-row-layout-bottom-sep svg{width:%;}}@media all and (max-width: 767px){.kb-row-layout-id275_afcfc1-82 > .kt-row-column-wrap{grid-template-columns:minmax(0, 1fr);}.kb-row-layout-id275_afcfc1-82 .kt-row-layout-bottom-sep{height:px;}.kb-row-layout-id275_afcfc1-82 .kt-row-layout-bottom-sep svg{width:%;}}<\/style><div class=\"kb-row-layout-wrap kb-row-layout-id275_afcfc1-82 alignfull kt-row-has-bg wp-block-kadence-rowlayout\"><div class=\"kt-row-layout-overlay kt-row-overlay-gradient\"><\/div><div class=\"kt-row-layout-bottom-sep kt-row-sep-type-mtns\"><svg viewBox=\"0 0 1000 100\" preserveAspectRatio=\"none\"><path d=\"M1000,50l-182.69,-45.286l-292.031,61.197l-190.875,-41.075l-143.748,28.794l-190.656,-23.63l0,70l1000,0l0,-50Z\" style=\"opacity: 0.4\" \/><path d=\"M1000,57l-152.781,-22.589l-214.383,19.81l-159.318,-21.471l-177.44,25.875l-192.722,5.627l-103.356,-27.275l0,63.023l1000,0l0,-43Z\" \/><\/svg><\/div><div class=\"kt-row-column-wrap kt-has-2-columns kt-row-layout-left-golden kt-tab-layout-inherit kt-mobile-layout-row kt-row-valign-middle\">\n<style>.kadence-column275_702f5c-02 > .kt-inside-inner-col,.kadence-column275_702f5c-02 > .kt-inside-inner-col:before{border-top-left-radius:0px;border-top-right-radius:0px;border-bottom-right-radius:0px;border-bottom-left-radius:0px;}.kadence-column275_702f5c-02 > .kt-inside-inner-col{column-gap:var(--global-kb-gap-sm, 1rem);}.kadence-column275_702f5c-02 > .kt-inside-inner-col{flex-direction:column;}.kadence-column275_702f5c-02 > .kt-inside-inner-col > .aligncenter{width:100%;}.kadence-column275_702f5c-02 > .kt-inside-inner-col:before{opacity:0.3;}.kadence-column275_702f5c-02{position:relative;}@media all and (max-width: 1024px){.kadence-column275_702f5c-02 > .kt-inside-inner-col{flex-direction:column;justify-content:center;}}@media all and (max-width: 767px){.kadence-column275_702f5c-02 > .kt-inside-inner-col{flex-direction:column;justify-content:center;}}<\/style>\n<div class=\"wp-block-kadence-column kadence-column275_702f5c-02 inner-column-1\"><div class=\"kt-inside-inner-col\"><style>.wp-block-kadence-advancedheading.kt-adv-heading275_e37b19-b3, .wp-block-kadence-advancedheading.kt-adv-heading275_e37b19-b3[data-kb-block=\"kb-adv-heading275_e37b19-b3\"]{font-size:21px;line-height:12px;font-weight:900;font-style:italic;font-family:'Playfair Display';}.wp-block-kadence-advancedheading.kt-adv-heading275_e37b19-b3 mark.kt-highlight, .wp-block-kadence-advancedheading.kt-adv-heading275_e37b19-b3[data-kb-block=\"kb-adv-heading275_e37b19-b3\"] mark.kt-highlight{font-style:normal;color:#f76a0c;-webkit-box-decoration-break:clone;box-decoration-break:clone;padding-top:0px;padding-right:0px;padding-bottom:0px;padding-left:0px;}.wp-block-kadence-advancedheading.kt-adv-heading275_e37b19-b3 img.kb-inline-image, .wp-block-kadence-advancedheading.kt-adv-heading275_e37b19-b3[data-kb-block=\"kb-adv-heading275_e37b19-b3\"] img.kb-inline-image{width:150px;vertical-align:baseline;}<\/style>\n<h4 class=\"kt-adv-heading275_e37b19-b3 wp-block-kadence-advancedheading has-cyan-bluish-gray-color has-text-color\" data-kb-block=\"kb-adv-heading275_e37b19-b3\"><\/h4>\n\n\n<style>.wp-block-kadence-advancedheading.kt-adv-heading275_feb868-d7, .wp-block-kadence-advancedheading.kt-adv-heading275_feb868-d7[data-kb-block=\"kb-adv-heading275_feb868-d7\"]{max-width:1097px;margin-right:auto;margin-left:auto;text-align:center;font-size:var(--global-kb-font-size-xl, 3rem);line-height:54px;font-weight:600;font-style:normal;font-family:'Mona Sans';background-color:rgba(77,78,19,0);text-shadow:1px 1px 1px rgba(0, 0, 0, 0.2);}.wp-block-kadence-advancedheading.kt-adv-heading275_feb868-d7 mark.kt-highlight, .wp-block-kadence-advancedheading.kt-adv-heading275_feb868-d7[data-kb-block=\"kb-adv-heading275_feb868-d7\"] mark.kt-highlight{font-style:normal;color:#00b5e2;-webkit-box-decoration-break:clone;box-decoration-break:clone;padding-top:0px;padding-right:0px;padding-bottom:0px;padding-left:0px;}.wp-block-kadence-advancedheading.kt-adv-heading275_feb868-d7 img.kb-inline-image, .wp-block-kadence-advancedheading.kt-adv-heading275_feb868-d7[data-kb-block=\"kb-adv-heading275_feb868-d7\"] img.kb-inline-image{width:150px;vertical-align:baseline;}@media all and (max-width: 1024px){.wp-block-kadence-advancedheading.kt-adv-heading275_feb868-d7, .wp-block-kadence-advancedheading.kt-adv-heading275_feb868-d7[data-kb-block=\"kb-adv-heading275_feb868-d7\"]{text-shadow:1px 1px 1px rgba(0, 0, 0, 0.2);}}@media all and (max-width: 767px){.wp-block-kadence-advancedheading.kt-adv-heading275_feb868-d7, .wp-block-kadence-advancedheading.kt-adv-heading275_feb868-d7[data-kb-block=\"kb-adv-heading275_feb868-d7\"]{text-shadow:1px 1px 1px rgba(0, 0, 0, 0.2);}}<\/style>\n<h2 class=\"kt-adv-heading275_feb868-d7 wp-block-kadence-advancedheading has-light-green-cyan-color has-text-color\" data-kb-block=\"kb-adv-heading275_feb868-d7\">Statik<\/h2>\n\n\n<style>.wp-block-kadence-advancedheading.kt-adv-heading275_d2d682-d2, .wp-block-kadence-advancedheading.kt-adv-heading275_d2d682-d2[data-kb-block=\"kb-adv-heading275_d2d682-d2\"]{text-align:center;font-size:38px;line-height:70px;font-weight:400;font-style:normal;font-family:'Mona Sans';background-color:rgba(0,0,0,0.67);border-top:3px solid #7bdcb5;border-right:3px solid #7bdcb5;border-bottom:3px solid #7bdcb5;border-left:3px solid #7bdcb5;}.wp-block-kadence-advancedheading.kt-adv-heading275_d2d682-d2 mark.kt-highlight, .wp-block-kadence-advancedheading.kt-adv-heading275_d2d682-d2[data-kb-block=\"kb-adv-heading275_d2d682-d2\"] mark.kt-highlight{font-style:normal;color:#00b5e2;-webkit-box-decoration-break:clone;box-decoration-break:clone;padding-top:0px;padding-right:0px;padding-bottom:0px;padding-left:0px;}.wp-block-kadence-advancedheading.kt-adv-heading275_d2d682-d2 img.kb-inline-image, .wp-block-kadence-advancedheading.kt-adv-heading275_d2d682-d2[data-kb-block=\"kb-adv-heading275_d2d682-d2\"] img.kb-inline-image{width:150px;vertical-align:baseline;}@media all and (max-width: 1024px){.wp-block-kadence-advancedheading.kt-adv-heading275_d2d682-d2, .wp-block-kadence-advancedheading.kt-adv-heading275_d2d682-d2[data-kb-block=\"kb-adv-heading275_d2d682-d2\"]{border-top:3px solid #7bdcb5;border-right:3px solid #7bdcb5;border-bottom:3px solid #7bdcb5;border-left:3px solid #7bdcb5;}}@media all and (max-width: 767px){.wp-block-kadence-advancedheading.kt-adv-heading275_d2d682-d2, .wp-block-kadence-advancedheading.kt-adv-heading275_d2d682-d2[data-kb-block=\"kb-adv-heading275_d2d682-d2\"]{border-top:3px solid #7bdcb5;border-right:3px solid #7bdcb5;border-bottom:3px solid #7bdcb5;border-left:3px solid #7bdcb5;}}<\/style>\n<h1 class=\"kt-adv-heading275_d2d682-d2 wp-block-kadence-advancedheading has-light-green-cyan-color has-text-color\" data-kb-block=\"kb-adv-heading275_d2d682-d2\">Standsicherheitsnachweis <\/h1>\n\n\n<style>.wp-block-kadence-advancedheading.kt-adv-heading275_1f320d-9b, .wp-block-kadence-advancedheading.kt-adv-heading275_1f320d-9b[data-kb-block=\"kb-adv-heading275_1f320d-9b\"]{text-align:center;font-size:38px;line-height:70px;font-weight:400;font-style:normal;font-family:'Mona Sans';background-color:rgba(0,0,0,0.67);border-top:3px solid #7bdcb5;border-right:3px solid #7bdcb5;border-bottom:3px solid #7bdcb5;border-left:3px solid #7bdcb5;}.wp-block-kadence-advancedheading.kt-adv-heading275_1f320d-9b mark.kt-highlight, .wp-block-kadence-advancedheading.kt-adv-heading275_1f320d-9b[data-kb-block=\"kb-adv-heading275_1f320d-9b\"] mark.kt-highlight{font-style:normal;color:#00b5e2;-webkit-box-decoration-break:clone;box-decoration-break:clone;padding-top:0px;padding-right:0px;padding-bottom:0px;padding-left:0px;}.wp-block-kadence-advancedheading.kt-adv-heading275_1f320d-9b img.kb-inline-image, .wp-block-kadence-advancedheading.kt-adv-heading275_1f320d-9b[data-kb-block=\"kb-adv-heading275_1f320d-9b\"] img.kb-inline-image{width:150px;vertical-align:baseline;}@media all and (max-width: 1024px){.wp-block-kadence-advancedheading.kt-adv-heading275_1f320d-9b, .wp-block-kadence-advancedheading.kt-adv-heading275_1f320d-9b[data-kb-block=\"kb-adv-heading275_1f320d-9b\"]{border-top:3px solid #7bdcb5;border-right:3px solid #7bdcb5;border-bottom:3px solid #7bdcb5;border-left:3px solid #7bdcb5;}}@media all and (max-width: 767px){.wp-block-kadence-advancedheading.kt-adv-heading275_1f320d-9b, .wp-block-kadence-advancedheading.kt-adv-heading275_1f320d-9b[data-kb-block=\"kb-adv-heading275_1f320d-9b\"]{border-top:3px solid #7bdcb5;border-right:3px solid #7bdcb5;border-bottom:3px solid #7bdcb5;border-left:3px solid #7bdcb5;}}<\/style>\n<h1 class=\"kt-adv-heading275_1f320d-9b wp-block-kadence-advancedheading has-light-green-cyan-color has-text-color\" data-kb-block=\"kb-adv-heading275_1f320d-9b\">Tragwerksplanung<\/h1>\n\n\n\n<p><!--more--><\/p>\n\n\n\n\n\n<p><\/p>\n\n\n\n<p class=\"has-black-color has-text-color has-background\" style=\"background:radial-gradient(rgb(255,245,203) 37%,rgb(182,227,212) 65%,rgb(51,167,181) 87%,rgb(27,25,25) 99%);font-size:20px\">Ein jedes Geb\u00e4ude &#8220; &#8230;ist so anzuordnen, zu errichten, zu \u00e4ndern und instand zu halten, dass die \u00f6ffentliche Sicherheit und Ordnung, insbesondere Leben, Gesundheit nicht gef\u00e4hrdet werden&#8230;&#8220; (LBO \u00a73)<\/p>\n\n\n\n<p><\/p>\n\n\n\n<p class=\"has-text-align-center has-black-color has-text-color has-background\" style=\"background:radial-gradient(rgb(255,245,203) 37%,rgb(182,227,212) 65%,rgb(51,167,181) 87%,rgb(27,25,25) 99%);font-size:20px\">um dieser Gesetzesforderung nachzukommen, ist die Aufstellung eines Standsicherheitsnachweises erforderlich<\/p>\n\n\n\n<p><\/p>\n\n\n\n<p class=\"has-black-color has-text-color has-background\" style=\"background:radial-gradient(rgb(255,245,203) 37%,rgb(182,227,212) 65%,rgb(51,167,181) 87%,rgb(27,25,25) 99%);font-size:20px\">Die Landesbauordnung besagt auch wer diesen Standsicherheitsnachweis aufstellen darf:<\/p>\n\n\n\n<p class=\"has-black-color has-text-color has-background\" style=\"background:radial-gradient(rgb(255,245,203) 37%,rgb(182,227,212) 65%,rgb(51,167,181) 87%,rgb(27,25,25) 99%);font-size:17px\">&#8220; Standsicherheitsnachweise f\u00fcr bauliche Anlagen werden von Personen mit einem berufsqualifizierenden Hochschulabschluss eines Studiums der Fachrichtung Architektur, Hochbau oder des Bauingenieurwesens mit einer mindestens dreij\u00e4hrigen Berufserfahrung in der Tragwerksplanung aufgestellt, die als Mitglied einer Architektenkammer in einer von der Architektenkammer Nordrhein-Westfalen zu f\u00fchrenden Liste oder als Mitglied einer Ingenieurkammer in einer von der Ingenieurkammer-Bau Nordrhein-Westfalen zu f\u00fchrenden Liste eingetragen sind (qualifizierte Tragwerksplanerin oder qualifizierter Tragwerksplaner)&#8220; Landesbauordnung NRW \u00a7 54 (4)<\/p>\n\n\n\n<p><\/p>\n\n\n\n<p class=\"has-x-large-font-size\"><\/p>\n\n\n\n<p><\/p>\n\n\n<style>.wp-block-kadence-advancedheading.kt-adv-heading275_f4acfc-7e, .wp-block-kadence-advancedheading.kt-adv-heading275_f4acfc-7e[data-kb-block=\"kb-adv-heading275_f4acfc-7e\"]{text-align:center;font-size:var(--global-kb-font-size-xl, 3rem);line-height:54px;font-weight:400;font-style:normal;font-family:'Mona Sans';background-color:rgba(0,0,0,0.82);border-top:3px solid #7bdcb5;border-right:3px solid #7bdcb5;border-bottom:3px solid #7bdcb5;border-left:3px solid #7bdcb5;border-bottom-left-radius:0px;}.wp-block-kadence-advancedheading.kt-adv-heading275_f4acfc-7e mark.kt-highlight, .wp-block-kadence-advancedheading.kt-adv-heading275_f4acfc-7e[data-kb-block=\"kb-adv-heading275_f4acfc-7e\"] mark.kt-highlight{font-style:normal;color:#00b5e2;-webkit-box-decoration-break:clone;box-decoration-break:clone;padding-top:0px;padding-right:0px;padding-bottom:0px;padding-left:0px;}.wp-block-kadence-advancedheading.kt-adv-heading275_f4acfc-7e img.kb-inline-image, .wp-block-kadence-advancedheading.kt-adv-heading275_f4acfc-7e[data-kb-block=\"kb-adv-heading275_f4acfc-7e\"] img.kb-inline-image{width:150px;vertical-align:baseline;}@media all and (max-width: 1024px){.wp-block-kadence-advancedheading.kt-adv-heading275_f4acfc-7e, .wp-block-kadence-advancedheading.kt-adv-heading275_f4acfc-7e[data-kb-block=\"kb-adv-heading275_f4acfc-7e\"]{border-top:3px solid #7bdcb5;border-right:3px solid #7bdcb5;border-bottom:3px solid #7bdcb5;border-left:3px solid #7bdcb5;}}@media all and (max-width: 767px){.wp-block-kadence-advancedheading.kt-adv-heading275_f4acfc-7e, .wp-block-kadence-advancedheading.kt-adv-heading275_f4acfc-7e[data-kb-block=\"kb-adv-heading275_f4acfc-7e\"]{border-top:3px solid #7bdcb5;border-right:3px solid #7bdcb5;border-bottom:3px solid #7bdcb5;border-left:3px solid #7bdcb5;}}<\/style>\n<h1 class=\"kt-adv-heading275_f4acfc-7e wp-block-kadence-advancedheading has-light-green-cyan-color has-text-color\" data-kb-block=\"kb-adv-heading275_f4acfc-7e\">In meiner Eigenschaft als bundesweit zugelassener qualifizierter Tragwerksplaner bin ich genau hierzu berechtigt und werde gerne diese Aufgabe f\u00fcr Ihr Projekt \u00fcbernehmen.<\/h1>\n\n\n\n<details class=\"wp-block-details is-layout-flow wp-block-details-is-layout-flow\"><summary><\/summary>\n<p><\/p>\n<\/details>\n\n\n\n<p><\/p>\n\n\n<\/div><\/div>\n\n\n<style>.kadence-column275_e39c5d-0b > .kt-inside-inner-col,.kadence-column275_e39c5d-0b > .kt-inside-inner-col:before{border-top-left-radius:0px;border-top-right-radius:0px;border-bottom-right-radius:0px;border-bottom-left-radius:0px;}.kadence-column275_e39c5d-0b > .kt-inside-inner-col{column-gap:var(--global-kb-gap-sm, 1rem);}.kadence-column275_e39c5d-0b > .kt-inside-inner-col{flex-direction:column;}.kadence-column275_e39c5d-0b > .kt-inside-inner-col > .aligncenter{width:100%;}.kadence-column275_e39c5d-0b > .kt-inside-inner-col:before{opacity:0.3;}.kadence-column275_e39c5d-0b{position:relative;}@media all and (max-width: 1024px){.kadence-column275_e39c5d-0b > .kt-inside-inner-col{flex-direction:column;justify-content:center;}}@media all and (max-width: 767px){.kadence-column275_e39c5d-0b > .kt-inside-inner-col{flex-direction:column;justify-content:center;}}<\/style>\n<div class=\"wp-block-kadence-column kadence-column275_e39c5d-0b kvs-lg-false kvs-md-false kvs-sm-false inner-column-2\"><div class=\"kt-inside-inner-col\"><\/div><\/div>\n\n<\/div><\/div>\n\n\n\n\n<details class=\"wp-block-details is-layout-flow wp-block-details-is-layout-flow\"><summary><\/summary>\n<p><\/p>\n<\/details>\n","protected":false},"excerpt":{"rendered":"<p>Tragwerksplanung<\/p>\n","protected":false},"author":1,"featured_media":455,"parent":0,"menu_order":0,"comment_status":"closed","ping_status":"closed","template":"","meta":{"footnotes":""},"class_list":["post-275","page","type-page","status-publish","has-post-thumbnail","hentry"],"_links":{"self":[{"href":"https:\/\/mit-ing.eu\/index.php?rest_route=\/wp\/v2\/pages\/275","targetHints":{"allow":["GET"]}}],"collection":[{"href":"https:\/\/mit-ing.eu\/index.php?rest_route=\/wp\/v2\/pages"}],"about":[{"href":"https:\/\/mit-ing.eu\/index.php?rest_route=\/wp\/v2\/types\/page"}],"author":[{"embeddable":true,"href":"https:\/\/mit-ing.eu\/index.php?rest_route=\/wp\/v2\/users\/1"}],"replies":[{"embeddable":true,"href":"https:\/\/mit-ing.eu\/index.php?rest_route=%2Fwp%2Fv2%2Fcomments&post=275"}],"version-history":[{"count":54,"href":"https:\/\/mit-ing.eu\/index.php?rest_route=\/wp\/v2\/pages\/275\/revisions"}],"predecessor-version":[{"id":592,"href":"https:\/\/mit-ing.eu\/index.php?rest_route=\/wp\/v2\/pages\/275\/revisions\/592"}],"wp:featuredmedia":[{"embeddable":true,"href":"https:\/\/mit-ing.eu\/index.php?rest_route=\/wp\/v2\/media\/455"}],"wp:attachment":[{"href":"https:\/\/mit-ing.eu\/index.php?rest_route=%2Fwp%2Fv2%2Fmedia&parent=275"}],"curies":[{"name":"wp","href":"https:\/\/api.w.org\/{rel}","templated":true}]}}